{"id":83,"date":"2021-12-20T09:52:27","date_gmt":"2021-12-20T09:52:27","guid":{"rendered":"http:\/\/www.fam_boone.nl\/WP2\/?page_id=83"},"modified":"2025-08-02T09:49:08","modified_gmt":"2025-08-02T09:49:08","slug":"photos","status":"publish","type":"page","link":"http:\/\/www.fam-boone.nl\/WP2\/?page_id=83","title":{"rendered":"photos"},"content":{"rendered":"\n<p>The following photo albums can be viewed:<\/p>\n\n\n\n<p><a href=\"http:\/\/fam-boone.nl\/fotos\/Tanzania\">Tanzania 2009<\/a><\/p>\n\n\n\n<p><a href=\"http:\/\/fam-boone.nl\/fotos\/Australia\">Australi\u00eb 2010<\/a><\/p>\n\n\n\n<p><a href=\"http:\/\/fam-boone.nl\/fotos\/Japan\">Japan 2011<\/a><\/p>\n\n\n\n<p><a href=\"http:\/\/fam-boone.nl\/fotos\/Namibi\u00eb en Botswana\">Namibi\u00eb en Botswana 2012<\/a><\/p>\n\n\n\n<p><a href=\"http:\/\/fam-boone.nl\/fotos\/VietnamCambodja\">Vietnam en Cambodja 2013<\/a><\/p>\n\n\n\n<p><a href=\"http:\/\/fam-boone.nl\/fotos\/Singapore\">Singapore 2013<\/a><\/p>\n\n\n\n<p><a href=\"http:\/\/fam-boone.nl\/fotos\/Suriname\">Suriname 2014<\/a><\/p>\n\n\n\n<p><a href=\"http:\/\/fam-boone.nl\/fotos\/Sicilie\">Sicili\u00eb 2014<\/a><\/p>\n\n\n\n<p><a href=\"http:\/\/fam-boone.nl\/fotos\/Peru\">Peru 2015<\/a><\/p>\n\n\n\n<p><a href=\"http:\/\/fam-boone.nl\/fotos\/Tenerife\">Tenerife 2015<\/a><\/p>\n\n\n\n<p><a href=\"http:\/\/fam-boone.nl\/fotos\/TransMongolieExpress\">Trans Mongoli\u00eb Express 2016<\/a><\/p>\n\n\n\n<p><a href=\"http:\/\/fam-boone.nl\/fotos\/Andalusie\">Andalusi\u00eb 2016<\/a><\/p>\n\n\n\n<p><a href=\"http:\/\/fam-boone.nl\/fotos\/Iran\">Iran 2017<\/a><\/p>\n\n\n\n<p><a href=\"http:\/\/fam-boone.nl\/fotos\/Namibia2017\">Namibi\u00eb 2017<\/a><\/p>\n\n\n\n<p><a href=\"http:\/\/fam-boone.nl\/fotos\/CentralAsia\">Centraal Azi\u00eb 2019<\/a><\/p>\n\n\n\n<p><a href=\"http:\/\/fam-boone.nl\/fotos\/Argentini\u00eb\">Argentini\u00eb 2019<\/a><\/p>\n\n\n\n<p><a href=\"http:\/\/fam-boone.nl\/fotos\/Zuid Itali\u00eb\">Zuid Itali\u00eb 2019<\/a><\/p>\n\n\n\n<p><a href=\"http:\/\/fam-boone.nl\/fotos\/Thailand\">Thaiand 2020<\/a><\/p>\n\n\n\n<p><a href=\"http:\/\/fam-boone.nl\/fotos\/Hongarije 2022\">Hongarije 2022<\/a><\/p>\n\n\n\n<p><a href=\"http:\/\/fam-boone.nl\/fotos\/Wildlands\" data-type=\"URL\" data-id=\"http:\/\/fam-boone.nl\/fotos\/Wildlands\">Wildlands 2022<\/a><\/p>\n\n\n\n<p><a href=\"http:\/\/fam-boone.nl\/fotos\/IJsland\">IJsland 2023<\/a><\/p>\n\n\n\n<p><a href=\"http:\/\/fam-boone.nl\/fotos\/Sri-Lanka\">Sri-Lanka 2025<\/a><\/p>\n\n\n\n<p><a href=\"http:\/\/fam-boone.nl\/fotos\/Elzas 2025\" data-type=\"page\" data-id=\"83\">Elzas 2025<\/a><\/p>\n\n\n\n<p><\/p>\n","protected":false},"excerpt":{"rendered":"<p>The following photo albums can be viewed: Tanzania 2009 Australi\u00eb 2010 Japan 2011 Namibi\u00eb en Botswana 2012 Vietnam en Cambodja 2013 Singapore 2013 Suriname 2014 Sicili\u00eb 2014 Peru 2015 Tenerife 2015 Trans Mongoli\u00eb Express 2016 Andalusi\u00eb 2016 Iran 2017 Namibi\u00eb 2017 Centraal Azi\u00eb 2019 Argentini\u00eb 2019 Zuid Itali\u00eb 2019 Thaiand 2020 Hongarije 2022 Wildlands 2022 &hellip; <a href=\"http:\/\/www.fam-boone.nl\/WP2\/?page_id=83\" class=\"more-link\">Continue reading <span class=\"screen-reader-text\">photos<\/span> <span class=\"meta-nav\">&rarr;<\/span><\/a><\/p>\n","protected":false},"author":1,"featured_media":0,"parent":0,"menu_order":0,"comment_status":"closed","ping_status":"closed","template":"","meta":{"footnotes":""},"class_list":["post-83","page","type-page","status-publish","hentry"],"_links":{"self":[{"href":"http:\/\/www.fam-boone.nl\/WP2\/index.php?rest_route=\/wp\/v2\/pages\/83","targetHints":{"allow":["GET"]}}],"collection":[{"href":"http:\/\/www.fam-boone.nl\/WP2\/index.php?rest_route=\/wp\/v2\/pages"}],"about":[{"href":"http:\/\/www.fam-boone.nl\/WP2\/index.php?rest_route=\/wp\/v2\/types\/page"}],"author":[{"embeddable":true,"href":"http:\/\/www.fam-boone.nl\/WP2\/index.php?rest_route=\/wp\/v2\/users\/1"}],"replies":[{"embeddable":true,"href":"http:\/\/www.fam-boone.nl\/WP2\/index.php?rest_route=%2Fwp%2Fv2%2Fcomments&post=83"}],"version-history":[{"count":20,"href":"http:\/\/www.fam-boone.nl\/WP2\/index.php?rest_route=\/wp\/v2\/pages\/83\/revisions"}],"predecessor-version":[{"id":144,"href":"http:\/\/www.fam-boone.nl\/WP2\/index.php?rest_route=\/wp\/v2\/pages\/83\/revisions\/144"}],"wp:attachment":[{"href":"http:\/\/www.fam-boone.nl\/WP2\/index.php?rest_route=%2Fwp%2Fv2%2Fmedia&parent=83"}],"curies":[{"name":"wp","href":"https:\/\/api.w.org\/{rel}","templated":true}]}}